
 

{"id":1666435,"date":"2022-06-28T08:51:47","date_gmt":"2022-06-28T08:51:47","guid":{"rendered":"https:\/\/www.q8oils.com\/?page_id=1666435"},"modified":"2022-08-15T08:00:21","modified_gmt":"2022-08-15T08:00:21","slug":"uslugi","status":"publish","type":"page","link":"https:\/\/www.q8oils.com\/pl\/uslugi\/","title":{"rendered":"Us\u0142ugi"},"content":{"rendered":"","protected":false},"excerpt":{"rendered":"<p>Thanks to our strong customer centric approach based on product and service innovation, technical expertise and support, Q8Oils has established itself as the number one lubricant supplier for international market leading companies. Our superior quality products are supported by the highest levels of after-sales and technical services.<\/p>\n","protected":false},"author":2,"featured_media":0,"parent":0,"menu_order":0,"comment_status":"closed","ping_status":"closed","template":"","meta":{"_acf_changed":false,"footnotes":""},"class_list":["post-1666435","page","type-page","status-publish","hentry"],"acf":[],"yoast_head":"<!-- This site is optimized with the Yoast SEO plugin v23.5 - https:\/\/yoast.com\/wordpress\/plugins\/seo\/ -->\n<title>Us\u0142ugi - Q8Oils<\/title>\n<meta name=\"description\" content=\"Dzi\u0119ki naszemu podej\u015bciu silnie zorientowanemu na klient\u00f3w i opartemu na innowacjach w zakresie produkt\u00f3w i us\u0142ug, wiedzy technicznej oraz wsparciu firma Q8Oils zdoby\u0142a pozycj\u0119 g\u0142\u00f3wnego dostawcy \u015brodk\u00f3w smarnych dla mi\u0119dzynarodowych lider\u00f3w na rynku. Opr\u00f3cz produkt\u00f3w najwy\u017cszej jako\u015bci oferujemy te\u017c us\u0142ugi techniczne i posprzeda\u017cowe na najwy\u017cszym poziomie.\" \/>\n<meta name=\"robots\" content=\"index, follow, max-snippet:-1, max-image-preview:large, max-video-preview:-1\" \/>\n<link rel=\"canonical\" href=\"https:\/\/www.q8oils.com\/pl\/uslugi\/\" \/>\n<meta property=\"og:locale\" content=\"pl_PL\" \/>\n<meta property=\"og:type\" content=\"article\" \/>\n<meta property=\"og:title\" content=\"Us\u0142ugi - Q8Oils\" \/>\n<meta property=\"og:description\" content=\"Dzi\u0119ki naszemu podej\u015bciu silnie zorientowanemu na klient\u00f3w i opartemu na innowacjach w zakresie produkt\u00f3w i us\u0142ug, wiedzy technicznej oraz wsparciu firma Q8Oils zdoby\u0142a pozycj\u0119 g\u0142\u00f3wnego dostawcy \u015brodk\u00f3w smarnych dla mi\u0119dzynarodowych lider\u00f3w na rynku. Opr\u00f3cz produkt\u00f3w najwy\u017cszej jako\u015bci oferujemy te\u017c us\u0142ugi techniczne i posprzeda\u017cowe na najwy\u017cszym poziomie.\" \/>\n<meta property=\"og:url\" content=\"https:\/\/www.q8oils.com\/pl\/uslugi\/\" \/>\n<meta property=\"og:site_name\" content=\"Q8Oils\" \/>\n<meta property=\"article:modified_time\" content=\"2022-08-15T08:00:21+00:00\" \/>\n<meta name=\"twitter:card\" content=\"summary_large_image\" \/>\n<script type=\"application\/ld+json\" class=\"yoast-schema-graph\">{\"@context\":\"https:\/\/schema.org\",\"@graph\":[{\"@type\":\"WebPage\",\"@id\":\"https:\/\/www.q8oils.com\/pl\/uslugi\/\",\"url\":\"https:\/\/www.q8oils.com\/pl\/uslugi\/\",\"name\":\"Us\u0142ugi - Q8Oils\",\"isPartOf\":{\"@id\":\"https:\/\/www.q8oils.com\/pl\/#website\"},\"datePublished\":\"2022-06-28T08:51:47+00:00\",\"dateModified\":\"2022-08-15T08:00:21+00:00\",\"description\":\"Dzi\u0119ki naszemu podej\u015bciu silnie zorientowanemu na klient\u00f3w i opartemu na innowacjach w zakresie produkt\u00f3w i us\u0142ug, wiedzy technicznej oraz wsparciu firma Q8Oils zdoby\u0142a pozycj\u0119 g\u0142\u00f3wnego dostawcy \u015brodk\u00f3w smarnych dla mi\u0119dzynarodowych lider\u00f3w na rynku. Opr\u00f3cz produkt\u00f3w najwy\u017cszej jako\u015bci oferujemy te\u017c us\u0142ugi techniczne i posprzeda\u017cowe na najwy\u017cszym poziomie.\",\"breadcrumb\":{\"@id\":\"https:\/\/www.q8oils.com\/pl\/uslugi\/#breadcrumb\"},\"inLanguage\":\"pl-PL\",\"potentialAction\":[{\"@type\":\"ReadAction\",\"target\":[\"https:\/\/www.q8oils.com\/pl\/uslugi\/\"]}]},{\"@type\":\"BreadcrumbList\",\"@id\":\"https:\/\/www.q8oils.com\/pl\/uslugi\/#breadcrumb\",\"itemListElement\":[{\"@type\":\"ListItem\",\"position\":1,\"name\":\"Home\",\"item\":\"https:\/\/www.q8oils.com\/pl\/\"},{\"@type\":\"ListItem\",\"position\":2,\"name\":\"Us\u0142ugi\"}]},{\"@type\":\"WebSite\",\"@id\":\"https:\/\/www.q8oils.com\/pl\/#website\",\"url\":\"https:\/\/www.q8oils.com\/pl\/\",\"name\":\"Q8Oils\",\"description\":\"Global, partnership, lubricants, solutions\",\"publisher\":{\"@id\":\"https:\/\/www.q8oils.com\/pl\/#organization\"},\"potentialAction\":[{\"@type\":\"SearchAction\",\"target\":{\"@type\":\"EntryPoint\",\"urlTemplate\":\"https:\/\/www.q8oils.com\/pl\/?s={search_term_string}\"},\"query-input\":{\"@type\":\"PropertyValueSpecification\",\"valueRequired\":true,\"valueName\":\"search_term_string\"}}],\"inLanguage\":\"pl-PL\"},{\"@type\":\"Organization\",\"@id\":\"https:\/\/www.q8oils.com\/pl\/#organization\",\"name\":\"Q8Oils\",\"url\":\"https:\/\/www.q8oils.com\/pl\/\",\"logo\":{\"@type\":\"ImageObject\",\"inLanguage\":\"pl-PL\",\"@id\":\"https:\/\/www.q8oils.com\/pl\/#\/schema\/logo\/image\/\",\"url\":\"https:\/\/www.q8oils.com\/wp-content\/uploads\/2020\/04\/q8oils-logo.png\",\"contentUrl\":\"https:\/\/www.q8oils.com\/wp-content\/uploads\/2020\/04\/q8oils-logo.png\",\"width\":475,\"height\":100,\"caption\":\"Q8Oils\"},\"image\":{\"@id\":\"https:\/\/www.q8oils.com\/pl\/#\/schema\/logo\/image\/\"},\"sameAs\":[\"https:\/\/www.linkedin.com\/Q8Oils\"]}]}<\/script>\n<!-- \/ Yoast SEO plugin. -->","yoast_head_json":{"title":"Us\u0142ugi - Q8Oils","description":"Dzi\u0119ki naszemu podej\u015bciu silnie zorientowanemu na klient\u00f3w i opartemu na innowacjach w zakresie produkt\u00f3w i us\u0142ug, wiedzy technicznej oraz wsparciu firma Q8Oils zdoby\u0142a pozycj\u0119 g\u0142\u00f3wnego dostawcy \u015brodk\u00f3w smarnych dla mi\u0119dzynarodowych lider\u00f3w na rynku. Opr\u00f3cz produkt\u00f3w najwy\u017cszej jako\u015bci oferujemy te\u017c us\u0142ugi techniczne i posprzeda\u017cowe na najwy\u017cszym poziomie.","robots":{"index":"index","follow":"follow","max-snippet":"max-snippet:-1","max-image-preview":"max-image-preview:large","max-video-preview":"max-video-preview:-1"},"canonical":"https:\/\/www.q8oils.com\/pl\/uslugi\/","og_locale":"pl_PL","og_type":"article","og_title":"Us\u0142ugi - Q8Oils","og_description":"Dzi\u0119ki naszemu podej\u015bciu silnie zorientowanemu na klient\u00f3w i opartemu na innowacjach w zakresie produkt\u00f3w i us\u0142ug, wiedzy technicznej oraz wsparciu firma Q8Oils zdoby\u0142a pozycj\u0119 g\u0142\u00f3wnego dostawcy \u015brodk\u00f3w smarnych dla mi\u0119dzynarodowych lider\u00f3w na rynku. Opr\u00f3cz produkt\u00f3w najwy\u017cszej jako\u015bci oferujemy te\u017c us\u0142ugi techniczne i posprzeda\u017cowe na najwy\u017cszym poziomie.","og_url":"https:\/\/www.q8oils.com\/pl\/uslugi\/","og_site_name":"Q8Oils","article_modified_time":"2022-08-15T08:00:21+00:00","twitter_card":"summary_large_image","schema":{"@context":"https:\/\/schema.org","@graph":[{"@type":"WebPage","@id":"https:\/\/www.q8oils.com\/pl\/uslugi\/","url":"https:\/\/www.q8oils.com\/pl\/uslugi\/","name":"Us\u0142ugi - Q8Oils","isPartOf":{"@id":"https:\/\/www.q8oils.com\/pl\/#website"},"datePublished":"2022-06-28T08:51:47+00:00","dateModified":"2022-08-15T08:00:21+00:00","description":"Dzi\u0119ki naszemu podej\u015bciu silnie zorientowanemu na klient\u00f3w i opartemu na innowacjach w zakresie produkt\u00f3w i us\u0142ug, wiedzy technicznej oraz wsparciu firma Q8Oils zdoby\u0142a pozycj\u0119 g\u0142\u00f3wnego dostawcy \u015brodk\u00f3w smarnych dla mi\u0119dzynarodowych lider\u00f3w na rynku. Opr\u00f3cz produkt\u00f3w najwy\u017cszej jako\u015bci oferujemy te\u017c us\u0142ugi techniczne i posprzeda\u017cowe na najwy\u017cszym poziomie.","breadcrumb":{"@id":"https:\/\/www.q8oils.com\/pl\/uslugi\/#breadcrumb"},"inLanguage":"pl-PL","potentialAction":[{"@type":"ReadAction","target":["https:\/\/www.q8oils.com\/pl\/uslugi\/"]}]},{"@type":"BreadcrumbList","@id":"https:\/\/www.q8oils.com\/pl\/uslugi\/#breadcrumb","itemListElement":[{"@type":"ListItem","position":1,"name":"Home","item":"https:\/\/www.q8oils.com\/pl\/"},{"@type":"ListItem","position":2,"name":"Us\u0142ugi"}]},{"@type":"WebSite","@id":"https:\/\/www.q8oils.com\/pl\/#website","url":"https:\/\/www.q8oils.com\/pl\/","name":"Q8Oils","description":"Global, partnership, lubricants, solutions","publisher":{"@id":"https:\/\/www.q8oils.com\/pl\/#organization"},"potentialAction":[{"@type":"SearchAction","target":{"@type":"EntryPoint","urlTemplate":"https:\/\/www.q8oils.com\/pl\/?s={search_term_string}"},"query-input":{"@type":"PropertyValueSpecification","valueRequired":true,"valueName":"search_term_string"}}],"inLanguage":"pl-PL"},{"@type":"Organization","@id":"https:\/\/www.q8oils.com\/pl\/#organization","name":"Q8Oils","url":"https:\/\/www.q8oils.com\/pl\/","logo":{"@type":"ImageObject","inLanguage":"pl-PL","@id":"https:\/\/www.q8oils.com\/pl\/#\/schema\/logo\/image\/","url":"https:\/\/www.q8oils.com\/wp-content\/uploads\/2020\/04\/q8oils-logo.png","contentUrl":"https:\/\/www.q8oils.com\/wp-content\/uploads\/2020\/04\/q8oils-logo.png","width":475,"height":100,"caption":"Q8Oils"},"image":{"@id":"https:\/\/www.q8oils.com\/pl\/#\/schema\/logo\/image\/"},"sameAs":["https:\/\/www.linkedin.com\/Q8Oils"]}]}},"_links":{"self":[{"href":"https:\/\/www.q8oils.com\/pl\/wp-json\/wp\/v2\/pages\/1666435"}],"collection":[{"href":"https:\/\/www.q8oils.com\/pl\/wp-json\/wp\/v2\/pages"}],"about":[{"href":"https:\/\/www.q8oils.com\/pl\/wp-json\/wp\/v2\/types\/page"}],"author":[{"embeddable":true,"href":"https:\/\/www.q8oils.com\/pl\/wp-json\/wp\/v2\/users\/2"}],"replies":[{"embeddable":true,"href":"https:\/\/www.q8oils.com\/pl\/wp-json\/wp\/v2\/comments?post=1666435"}],"version-history":[{"count":5,"href":"https:\/\/www.q8oils.com\/pl\/wp-json\/wp\/v2\/pages\/1666435\/revisions"}],"predecessor-version":[{"id":1726821,"href":"https:\/\/www.q8oils.com\/pl\/wp-json\/wp\/v2\/pages\/1666435\/revisions\/1726821"}],"wp:attachment":[{"href":"https:\/\/www.q8oils.com\/pl\/wp-json\/wp\/v2\/media?parent=1666435"}],"curies":[{"name":"wp","href":"https:\/\/api.w.org\/{rel}","templated":true}]}}