
 

{"id":1666438,"date":"2022-06-30T11:55:10","date_gmt":"2022-06-30T11:55:10","guid":{"rendered":"https:\/\/www.q8oils.com\/?page_id=1666438"},"modified":"2023-12-18T11:05:31","modified_gmt":"2023-12-18T11:05:31","slug":"przemysl-ogolny","status":"publish","type":"page","link":"https:\/\/www.q8oils.com\/pl\/przemysl-ogolny\/","title":{"rendered":"Przemys\u0142 og\u00f3lny"},"content":{"rendered":"","protected":false},"excerpt":{"rendered":"","protected":false},"author":2,"featured_media":0,"parent":0,"menu_order":0,"comment_status":"closed","ping_status":"closed","template":"page-templates\/major.php","meta":{"_acf_changed":false,"footnotes":""},"class_list":["post-1666438","page","type-page","status-publish","hentry"],"acf":[],"yoast_head":"<!-- This site is optimized with the Yoast SEO plugin v23.5 - https:\/\/yoast.com\/wordpress\/plugins\/seo\/ -->\n<title>Przemys\u0142 og\u00f3lny - Q8Oils<\/title>\n<meta name=\"description\" content=\"Q8Oils oferuje selektywn\u0105 gam\u0119 doskona\u0142ych \u015brodk\u00f3w smarnych dla przemys\u0142u. Jako najlepszy wyb\u00f3r wiod\u0105cych producent\u00f3w na ca\u0142ym \u015bwiecie, te \u015brodki smarne wyr\u00f3\u017cniaj\u0105 si\u0119 ochron\u0105 kluczowych komponent\u00f3w, zapewnieniem p\u0142ynnego dzia\u0142ania i wyd\u0142u\u017ceniem \u017cywotno\u015bci cennych element\u00f3w maszyn.\" \/>\n<meta name=\"robots\" content=\"index, follow, max-snippet:-1, max-image-preview:large, max-video-preview:-1\" \/>\n<link rel=\"canonical\" href=\"https:\/\/www.q8oils.com\/pl\/przemysl-ogolny\/\" \/>\n<meta property=\"og:locale\" content=\"pl_PL\" \/>\n<meta property=\"og:type\" content=\"article\" \/>\n<meta property=\"og:title\" content=\"Przemys\u0142 og\u00f3lny - Q8Oils\" \/>\n<meta property=\"og:description\" content=\"Q8Oils oferuje selektywn\u0105 gam\u0119 doskona\u0142ych \u015brodk\u00f3w smarnych dla przemys\u0142u. Jako najlepszy wyb\u00f3r wiod\u0105cych producent\u00f3w na ca\u0142ym \u015bwiecie, te \u015brodki smarne wyr\u00f3\u017cniaj\u0105 si\u0119 ochron\u0105 kluczowych komponent\u00f3w, zapewnieniem p\u0142ynnego dzia\u0142ania i wyd\u0142u\u017ceniem \u017cywotno\u015bci cennych element\u00f3w maszyn.\" \/>\n<meta property=\"og:url\" content=\"https:\/\/www.q8oils.com\/pl\/przemysl-ogolny\/\" \/>\n<meta property=\"og:site_name\" content=\"Q8Oils\" \/>\n<meta property=\"article:modified_time\" content=\"2023-12-18T11:05:31+00:00\" \/>\n<meta name=\"twitter:card\" content=\"summary_large_image\" \/>\n<script type=\"application\/ld+json\" class=\"yoast-schema-graph\">{\"@context\":\"https:\/\/schema.org\",\"@graph\":[{\"@type\":\"WebPage\",\"@id\":\"https:\/\/www.q8oils.com\/pl\/przemysl-ogolny\/\",\"url\":\"https:\/\/www.q8oils.com\/pl\/przemysl-ogolny\/\",\"name\":\"Przemys\u0142 og\u00f3lny - Q8Oils\",\"isPartOf\":{\"@id\":\"https:\/\/www.q8oils.com\/pl\/#website\"},\"datePublished\":\"2022-06-30T11:55:10+00:00\",\"dateModified\":\"2023-12-18T11:05:31+00:00\",\"description\":\"Q8Oils oferuje selektywn\u0105 gam\u0119 doskona\u0142ych \u015brodk\u00f3w smarnych dla przemys\u0142u. Jako najlepszy wyb\u00f3r wiod\u0105cych producent\u00f3w na ca\u0142ym \u015bwiecie, te \u015brodki smarne wyr\u00f3\u017cniaj\u0105 si\u0119 ochron\u0105 kluczowych komponent\u00f3w, zapewnieniem p\u0142ynnego dzia\u0142ania i wyd\u0142u\u017ceniem \u017cywotno\u015bci cennych element\u00f3w maszyn.\",\"breadcrumb\":{\"@id\":\"https:\/\/www.q8oils.com\/pl\/przemysl-ogolny\/#breadcrumb\"},\"inLanguage\":\"pl-PL\",\"potentialAction\":[{\"@type\":\"ReadAction\",\"target\":[\"https:\/\/www.q8oils.com\/pl\/przemysl-ogolny\/\"]}]},{\"@type\":\"BreadcrumbList\",\"@id\":\"https:\/\/www.q8oils.com\/pl\/przemysl-ogolny\/#breadcrumb\",\"itemListElement\":[{\"@type\":\"ListItem\",\"position\":1,\"name\":\"Home\",\"item\":\"https:\/\/www.q8oils.com\/pl\/\"},{\"@type\":\"ListItem\",\"position\":2,\"name\":\"Przemys\u0142 og\u00f3lny\"}]},{\"@type\":\"WebSite\",\"@id\":\"https:\/\/www.q8oils.com\/pl\/#website\",\"url\":\"https:\/\/www.q8oils.com\/pl\/\",\"name\":\"Q8Oils\",\"description\":\"Global, partnership, lubricants, solutions\",\"publisher\":{\"@id\":\"https:\/\/www.q8oils.com\/pl\/#organization\"},\"potentialAction\":[{\"@type\":\"SearchAction\",\"target\":{\"@type\":\"EntryPoint\",\"urlTemplate\":\"https:\/\/www.q8oils.com\/pl\/?s={search_term_string}\"},\"query-input\":{\"@type\":\"PropertyValueSpecification\",\"valueRequired\":true,\"valueName\":\"search_term_string\"}}],\"inLanguage\":\"pl-PL\"},{\"@type\":\"Organization\",\"@id\":\"https:\/\/www.q8oils.com\/pl\/#organization\",\"name\":\"Q8Oils\",\"url\":\"https:\/\/www.q8oils.com\/pl\/\",\"logo\":{\"@type\":\"ImageObject\",\"inLanguage\":\"pl-PL\",\"@id\":\"https:\/\/www.q8oils.com\/pl\/#\/schema\/logo\/image\/\",\"url\":\"https:\/\/www.q8oils.com\/wp-content\/uploads\/2020\/04\/q8oils-logo.png\",\"contentUrl\":\"https:\/\/www.q8oils.com\/wp-content\/uploads\/2020\/04\/q8oils-logo.png\",\"width\":475,\"height\":100,\"caption\":\"Q8Oils\"},\"image\":{\"@id\":\"https:\/\/www.q8oils.com\/pl\/#\/schema\/logo\/image\/\"},\"sameAs\":[\"https:\/\/www.linkedin.com\/Q8Oils\"]}]}<\/script>\n<!-- \/ Yoast SEO plugin. -->","yoast_head_json":{"title":"Przemys\u0142 og\u00f3lny - Q8Oils","description":"Q8Oils oferuje selektywn\u0105 gam\u0119 doskona\u0142ych \u015brodk\u00f3w smarnych dla przemys\u0142u. Jako najlepszy wyb\u00f3r wiod\u0105cych producent\u00f3w na ca\u0142ym \u015bwiecie, te \u015brodki smarne wyr\u00f3\u017cniaj\u0105 si\u0119 ochron\u0105 kluczowych komponent\u00f3w, zapewnieniem p\u0142ynnego dzia\u0142ania i wyd\u0142u\u017ceniem \u017cywotno\u015bci cennych element\u00f3w maszyn.","robots":{"index":"index","follow":"follow","max-snippet":"max-snippet:-1","max-image-preview":"max-image-preview:large","max-video-preview":"max-video-preview:-1"},"canonical":"https:\/\/www.q8oils.com\/pl\/przemysl-ogolny\/","og_locale":"pl_PL","og_type":"article","og_title":"Przemys\u0142 og\u00f3lny - Q8Oils","og_description":"Q8Oils oferuje selektywn\u0105 gam\u0119 doskona\u0142ych \u015brodk\u00f3w smarnych dla przemys\u0142u. Jako najlepszy wyb\u00f3r wiod\u0105cych producent\u00f3w na ca\u0142ym \u015bwiecie, te \u015brodki smarne wyr\u00f3\u017cniaj\u0105 si\u0119 ochron\u0105 kluczowych komponent\u00f3w, zapewnieniem p\u0142ynnego dzia\u0142ania i wyd\u0142u\u017ceniem \u017cywotno\u015bci cennych element\u00f3w maszyn.","og_url":"https:\/\/www.q8oils.com\/pl\/przemysl-ogolny\/","og_site_name":"Q8Oils","article_modified_time":"2023-12-18T11:05:31+00:00","twitter_card":"summary_large_image","schema":{"@context":"https:\/\/schema.org","@graph":[{"@type":"WebPage","@id":"https:\/\/www.q8oils.com\/pl\/przemysl-ogolny\/","url":"https:\/\/www.q8oils.com\/pl\/przemysl-ogolny\/","name":"Przemys\u0142 og\u00f3lny - Q8Oils","isPartOf":{"@id":"https:\/\/www.q8oils.com\/pl\/#website"},"datePublished":"2022-06-30T11:55:10+00:00","dateModified":"2023-12-18T11:05:31+00:00","description":"Q8Oils oferuje selektywn\u0105 gam\u0119 doskona\u0142ych \u015brodk\u00f3w smarnych dla przemys\u0142u. Jako najlepszy wyb\u00f3r wiod\u0105cych producent\u00f3w na ca\u0142ym \u015bwiecie, te \u015brodki smarne wyr\u00f3\u017cniaj\u0105 si\u0119 ochron\u0105 kluczowych komponent\u00f3w, zapewnieniem p\u0142ynnego dzia\u0142ania i wyd\u0142u\u017ceniem \u017cywotno\u015bci cennych element\u00f3w maszyn.","breadcrumb":{"@id":"https:\/\/www.q8oils.com\/pl\/przemysl-ogolny\/#breadcrumb"},"inLanguage":"pl-PL","potentialAction":[{"@type":"ReadAction","target":["https:\/\/www.q8oils.com\/pl\/przemysl-ogolny\/"]}]},{"@type":"BreadcrumbList","@id":"https:\/\/www.q8oils.com\/pl\/przemysl-ogolny\/#breadcrumb","itemListElement":[{"@type":"ListItem","position":1,"name":"Home","item":"https:\/\/www.q8oils.com\/pl\/"},{"@type":"ListItem","position":2,"name":"Przemys\u0142 og\u00f3lny"}]},{"@type":"WebSite","@id":"https:\/\/www.q8oils.com\/pl\/#website","url":"https:\/\/www.q8oils.com\/pl\/","name":"Q8Oils","description":"Global, partnership, lubricants, solutions","publisher":{"@id":"https:\/\/www.q8oils.com\/pl\/#organization"},"potentialAction":[{"@type":"SearchAction","target":{"@type":"EntryPoint","urlTemplate":"https:\/\/www.q8oils.com\/pl\/?s={search_term_string}"},"query-input":{"@type":"PropertyValueSpecification","valueRequired":true,"valueName":"search_term_string"}}],"inLanguage":"pl-PL"},{"@type":"Organization","@id":"https:\/\/www.q8oils.com\/pl\/#organization","name":"Q8Oils","url":"https:\/\/www.q8oils.com\/pl\/","logo":{"@type":"ImageObject","inLanguage":"pl-PL","@id":"https:\/\/www.q8oils.com\/pl\/#\/schema\/logo\/image\/","url":"https:\/\/www.q8oils.com\/wp-content\/uploads\/2020\/04\/q8oils-logo.png","contentUrl":"https:\/\/www.q8oils.com\/wp-content\/uploads\/2020\/04\/q8oils-logo.png","width":475,"height":100,"caption":"Q8Oils"},"image":{"@id":"https:\/\/www.q8oils.com\/pl\/#\/schema\/logo\/image\/"},"sameAs":["https:\/\/www.linkedin.com\/Q8Oils"]}]}},"_links":{"self":[{"href":"https:\/\/www.q8oils.com\/pl\/wp-json\/wp\/v2\/pages\/1666438"}],"collection":[{"href":"https:\/\/www.q8oils.com\/pl\/wp-json\/wp\/v2\/pages"}],"about":[{"href":"https:\/\/www.q8oils.com\/pl\/wp-json\/wp\/v2\/types\/page"}],"author":[{"embeddable":true,"href":"https:\/\/www.q8oils.com\/pl\/wp-json\/wp\/v2\/users\/2"}],"replies":[{"embeddable":true,"href":"https:\/\/www.q8oils.com\/pl\/wp-json\/wp\/v2\/comments?post=1666438"}],"version-history":[{"count":6,"href":"https:\/\/www.q8oils.com\/pl\/wp-json\/wp\/v2\/pages\/1666438\/revisions"}],"predecessor-version":[{"id":2147451,"href":"https:\/\/www.q8oils.com\/pl\/wp-json\/wp\/v2\/pages\/1666438\/revisions\/2147451"}],"wp:attachment":[{"href":"https:\/\/www.q8oils.com\/pl\/wp-json\/wp\/v2\/media?parent=1666438"}],"curies":[{"name":"wp","href":"https:\/\/api.w.org\/{rel}","templated":true}]}}