
 

{"id":1726051,"date":"2020-05-21T07:02:48","date_gmt":"2020-05-21T07:02:48","guid":{"rendered":"https:\/\/www.q8oils.com\/palub\/"},"modified":"2022-06-29T04:20:37","modified_gmt":"2022-06-29T04:20:37","slug":"palub","status":"publish","type":"page","link":"https:\/\/www.q8oils.com\/pl\/palub\/","title":{"rendered":"PALUB"},"content":{"rendered":"","protected":false},"excerpt":{"rendered":"<p>Product Applications LUBricants, is the technical service of Q8Oils. Here you can find five enthusiastic experts with a passion for the industry. Please do not hesitate to contact them for information concerning product applications, specifications, safety requirements, and much more.<\/p>\n","protected":false},"author":2,"featured_media":0,"parent":0,"menu_order":0,"comment_status":"closed","ping_status":"closed","template":"","meta":{"_acf_changed":false,"footnotes":""},"class_list":["post-1726051","page","type-page","status-publish","hentry"],"acf":[],"yoast_head":"<!-- This site is optimized with the Yoast SEO plugin v23.5 - https:\/\/yoast.com\/wordpress\/plugins\/seo\/ -->\n<title>PALUB - Q8Oils<\/title>\n<meta name=\"description\" content=\"Product Applications LUBricants, is the technical service of Q8Oils. Contact us for information concerning product applications, specifications, safety requirements, and much more.PALUB (Product Applications LUBricants) jest us\u0142ug\u0105 techniczn\u0105 firmy Q8Oils. Zesp\u00f3\u0142 PALUB sk\u0142ada si\u0119 z pi\u0119ciu entuzjastycznych ekspert\u00f3w pe\u0142nych pasji. Zapraszamy do kontaktowania si\u0119 z nimi w celu uzyskania informacji na temat zastosowa\u0144 produkt\u00f3w, specyfikacji, wymog\u00f3w w zakresie bezpiecze\u0144stwa i wielu innych kwesti\" \/>\n<meta name=\"robots\" content=\"index, follow, max-snippet:-1, max-image-preview:large, max-video-preview:-1\" \/>\n<link rel=\"canonical\" href=\"https:\/\/www.q8oils.com\/pl\/palub\/\" \/>\n<meta property=\"og:locale\" content=\"pl_PL\" \/>\n<meta property=\"og:type\" content=\"article\" \/>\n<meta property=\"og:title\" content=\"PALUB - Q8Oils\" \/>\n<meta property=\"og:description\" content=\"Product Applications LUBricants, is the technical service of Q8Oils. Contact us for information concerning product applications, specifications, safety requirements, and much more.PALUB (Product Applications LUBricants) jest us\u0142ug\u0105 techniczn\u0105 firmy Q8Oils. Zesp\u00f3\u0142 PALUB sk\u0142ada si\u0119 z pi\u0119ciu entuzjastycznych ekspert\u00f3w pe\u0142nych pasji. Zapraszamy do kontaktowania si\u0119 z nimi w celu uzyskania informacji na temat zastosowa\u0144 produkt\u00f3w, specyfikacji, wymog\u00f3w w zakresie bezpiecze\u0144stwa i wielu innych kwesti\" \/>\n<meta property=\"og:url\" content=\"https:\/\/www.q8oils.com\/pl\/palub\/\" \/>\n<meta property=\"og:site_name\" content=\"Q8Oils\" \/>\n<meta property=\"article:modified_time\" content=\"2022-06-29T04:20:37+00:00\" \/>\n<meta name=\"twitter:card\" content=\"summary_large_image\" \/>\n<script type=\"application\/ld+json\" class=\"yoast-schema-graph\">{\"@context\":\"https:\/\/schema.org\",\"@graph\":[{\"@type\":\"WebPage\",\"@id\":\"https:\/\/www.q8oils.com\/pl\/palub\/\",\"url\":\"https:\/\/www.q8oils.com\/pl\/palub\/\",\"name\":\"PALUB - Q8Oils\",\"isPartOf\":{\"@id\":\"https:\/\/www.q8oils.com\/pl\/#website\"},\"datePublished\":\"2020-05-21T07:02:48+00:00\",\"dateModified\":\"2022-06-29T04:20:37+00:00\",\"description\":\"Product Applications LUBricants, is the technical service of Q8Oils. Contact us for information concerning product applications, specifications, safety requirements, and much more.PALUB (Product Applications LUBricants) jest us\u0142ug\u0105 techniczn\u0105 firmy Q8Oils. Zesp\u00f3\u0142 PALUB sk\u0142ada si\u0119 z pi\u0119ciu entuzjastycznych ekspert\u00f3w pe\u0142nych pasji. Zapraszamy do kontaktowania si\u0119 z nimi w celu uzyskania informacji na temat zastosowa\u0144 produkt\u00f3w, specyfikacji, wymog\u00f3w w zakresie bezpiecze\u0144stwa i wielu innych kwesti\",\"breadcrumb\":{\"@id\":\"https:\/\/www.q8oils.com\/pl\/palub\/#breadcrumb\"},\"inLanguage\":\"pl-PL\",\"potentialAction\":[{\"@type\":\"ReadAction\",\"target\":[\"https:\/\/www.q8oils.com\/pl\/palub\/\"]}]},{\"@type\":\"BreadcrumbList\",\"@id\":\"https:\/\/www.q8oils.com\/pl\/palub\/#breadcrumb\",\"itemListElement\":[{\"@type\":\"ListItem\",\"position\":1,\"name\":\"Home\",\"item\":\"https:\/\/www.q8oils.com\/pl\/\"},{\"@type\":\"ListItem\",\"position\":2,\"name\":\"PALUB\"}]},{\"@type\":\"WebSite\",\"@id\":\"https:\/\/www.q8oils.com\/pl\/#website\",\"url\":\"https:\/\/www.q8oils.com\/pl\/\",\"name\":\"Q8Oils\",\"description\":\"Global, partnership, lubricants, solutions\",\"publisher\":{\"@id\":\"https:\/\/www.q8oils.com\/pl\/#organization\"},\"potentialAction\":[{\"@type\":\"SearchAction\",\"target\":{\"@type\":\"EntryPoint\",\"urlTemplate\":\"https:\/\/www.q8oils.com\/pl\/?s={search_term_string}\"},\"query-input\":{\"@type\":\"PropertyValueSpecification\",\"valueRequired\":true,\"valueName\":\"search_term_string\"}}],\"inLanguage\":\"pl-PL\"},{\"@type\":\"Organization\",\"@id\":\"https:\/\/www.q8oils.com\/pl\/#organization\",\"name\":\"Q8Oils\",\"url\":\"https:\/\/www.q8oils.com\/pl\/\",\"logo\":{\"@type\":\"ImageObject\",\"inLanguage\":\"pl-PL\",\"@id\":\"https:\/\/www.q8oils.com\/pl\/#\/schema\/logo\/image\/\",\"url\":\"https:\/\/www.q8oils.com\/wp-content\/uploads\/2020\/04\/q8oils-logo.png\",\"contentUrl\":\"https:\/\/www.q8oils.com\/wp-content\/uploads\/2020\/04\/q8oils-logo.png\",\"width\":475,\"height\":100,\"caption\":\"Q8Oils\"},\"image\":{\"@id\":\"https:\/\/www.q8oils.com\/pl\/#\/schema\/logo\/image\/\"},\"sameAs\":[\"https:\/\/www.linkedin.com\/Q8Oils\"]}]}<\/script>\n<!-- \/ Yoast SEO plugin. -->","yoast_head_json":{"title":"PALUB - Q8Oils","description":"Product Applications LUBricants, is the technical service of Q8Oils. Contact us for information concerning product applications, specifications, safety requirements, and much more.PALUB (Product Applications LUBricants) jest us\u0142ug\u0105 techniczn\u0105 firmy Q8Oils. Zesp\u00f3\u0142 PALUB sk\u0142ada si\u0119 z pi\u0119ciu entuzjastycznych ekspert\u00f3w pe\u0142nych pasji. Zapraszamy do kontaktowania si\u0119 z nimi w celu uzyskania informacji na temat zastosowa\u0144 produkt\u00f3w, specyfikacji, wymog\u00f3w w zakresie bezpiecze\u0144stwa i wielu innych kwesti","robots":{"index":"index","follow":"follow","max-snippet":"max-snippet:-1","max-image-preview":"max-image-preview:large","max-video-preview":"max-video-preview:-1"},"canonical":"https:\/\/www.q8oils.com\/pl\/palub\/","og_locale":"pl_PL","og_type":"article","og_title":"PALUB - Q8Oils","og_description":"Product Applications LUBricants, is the technical service of Q8Oils. Contact us for information concerning product applications, specifications, safety requirements, and much more.PALUB (Product Applications LUBricants) jest us\u0142ug\u0105 techniczn\u0105 firmy Q8Oils. Zesp\u00f3\u0142 PALUB sk\u0142ada si\u0119 z pi\u0119ciu entuzjastycznych ekspert\u00f3w pe\u0142nych pasji. Zapraszamy do kontaktowania si\u0119 z nimi w celu uzyskania informacji na temat zastosowa\u0144 produkt\u00f3w, specyfikacji, wymog\u00f3w w zakresie bezpiecze\u0144stwa i wielu innych kwesti","og_url":"https:\/\/www.q8oils.com\/pl\/palub\/","og_site_name":"Q8Oils","article_modified_time":"2022-06-29T04:20:37+00:00","twitter_card":"summary_large_image","schema":{"@context":"https:\/\/schema.org","@graph":[{"@type":"WebPage","@id":"https:\/\/www.q8oils.com\/pl\/palub\/","url":"https:\/\/www.q8oils.com\/pl\/palub\/","name":"PALUB - Q8Oils","isPartOf":{"@id":"https:\/\/www.q8oils.com\/pl\/#website"},"datePublished":"2020-05-21T07:02:48+00:00","dateModified":"2022-06-29T04:20:37+00:00","description":"Product Applications LUBricants, is the technical service of Q8Oils. Contact us for information concerning product applications, specifications, safety requirements, and much more.PALUB (Product Applications LUBricants) jest us\u0142ug\u0105 techniczn\u0105 firmy Q8Oils. Zesp\u00f3\u0142 PALUB sk\u0142ada si\u0119 z pi\u0119ciu entuzjastycznych ekspert\u00f3w pe\u0142nych pasji. Zapraszamy do kontaktowania si\u0119 z nimi w celu uzyskania informacji na temat zastosowa\u0144 produkt\u00f3w, specyfikacji, wymog\u00f3w w zakresie bezpiecze\u0144stwa i wielu innych kwesti","breadcrumb":{"@id":"https:\/\/www.q8oils.com\/pl\/palub\/#breadcrumb"},"inLanguage":"pl-PL","potentialAction":[{"@type":"ReadAction","target":["https:\/\/www.q8oils.com\/pl\/palub\/"]}]},{"@type":"BreadcrumbList","@id":"https:\/\/www.q8oils.com\/pl\/palub\/#breadcrumb","itemListElement":[{"@type":"ListItem","position":1,"name":"Home","item":"https:\/\/www.q8oils.com\/pl\/"},{"@type":"ListItem","position":2,"name":"PALUB"}]},{"@type":"WebSite","@id":"https:\/\/www.q8oils.com\/pl\/#website","url":"https:\/\/www.q8oils.com\/pl\/","name":"Q8Oils","description":"Global, partnership, lubricants, solutions","publisher":{"@id":"https:\/\/www.q8oils.com\/pl\/#organization"},"potentialAction":[{"@type":"SearchAction","target":{"@type":"EntryPoint","urlTemplate":"https:\/\/www.q8oils.com\/pl\/?s={search_term_string}"},"query-input":{"@type":"PropertyValueSpecification","valueRequired":true,"valueName":"search_term_string"}}],"inLanguage":"pl-PL"},{"@type":"Organization","@id":"https:\/\/www.q8oils.com\/pl\/#organization","name":"Q8Oils","url":"https:\/\/www.q8oils.com\/pl\/","logo":{"@type":"ImageObject","inLanguage":"pl-PL","@id":"https:\/\/www.q8oils.com\/pl\/#\/schema\/logo\/image\/","url":"https:\/\/www.q8oils.com\/wp-content\/uploads\/2020\/04\/q8oils-logo.png","contentUrl":"https:\/\/www.q8oils.com\/wp-content\/uploads\/2020\/04\/q8oils-logo.png","width":475,"height":100,"caption":"Q8Oils"},"image":{"@id":"https:\/\/www.q8oils.com\/pl\/#\/schema\/logo\/image\/"},"sameAs":["https:\/\/www.linkedin.com\/Q8Oils"]}]}},"_links":{"self":[{"href":"https:\/\/www.q8oils.com\/pl\/wp-json\/wp\/v2\/pages\/1726051"}],"collection":[{"href":"https:\/\/www.q8oils.com\/pl\/wp-json\/wp\/v2\/pages"}],"about":[{"href":"https:\/\/www.q8oils.com\/pl\/wp-json\/wp\/v2\/types\/page"}],"author":[{"embeddable":true,"href":"https:\/\/www.q8oils.com\/pl\/wp-json\/wp\/v2\/users\/2"}],"replies":[{"embeddable":true,"href":"https:\/\/www.q8oils.com\/pl\/wp-json\/wp\/v2\/comments?post=1726051"}],"version-history":[{"count":7,"href":"https:\/\/www.q8oils.com\/pl\/wp-json\/wp\/v2\/pages\/1726051\/revisions"}],"predecessor-version":[{"id":1726084,"href":"https:\/\/www.q8oils.com\/pl\/wp-json\/wp\/v2\/pages\/1726051\/revisions\/1726084"}],"wp:attachment":[{"href":"https:\/\/www.q8oils.com\/pl\/wp-json\/wp\/v2\/media?parent=1726051"}],"curies":[{"name":"wp","href":"https:\/\/api.w.org\/{rel}","templated":true}]}}