
 

{"id":1726309,"date":"2021-02-26T10:00:33","date_gmt":"2021-02-26T10:00:33","guid":{"rendered":"https:\/\/www.q8oils.com\/jenbacher-s-oil-40\/"},"modified":"2022-08-15T10:05:49","modified_gmt":"2022-08-15T10:05:49","slug":"jenbacher-s-oil-40","status":"publish","type":"page","link":"https:\/\/www.q8oils.com\/pl\/jenbacher-s-oil-40\/","title":{"rendered":"Jenbacher S Oil 40"},"content":{"rendered":"","protected":false},"excerpt":{"rendered":"<p>Jenbacher S Oil 40 is a high-performing synthetic (hydrocracked) oil for stationary gas engines. This medium-ash product is specifically developed for engines running under severe conditions in non-natural gas applications (biogas, sewage, landfill, woodgas, etc.).<\/p>\n","protected":false},"author":2,"featured_media":0,"parent":0,"menu_order":0,"comment_status":"closed","ping_status":"closed","template":"","meta":{"_acf_changed":false,"footnotes":""},"class_list":["post-1726309","page","type-page","status-publish","hentry"],"acf":[],"yoast_head":"<!-- This site is optimized with the Yoast SEO plugin v23.5 - https:\/\/yoast.com\/wordpress\/plugins\/seo\/ -->\n<title>Jenbacher S Oil 40 - Q8Oils<\/title>\n<meta name=\"description\" content=\"Q8Oils oraz INNIO \u0142\u0105cz\u0105 swe si\u0142y w ramach d\u0142ugoterminowej umowy o wsp\u00f3\u0142pracy w zakresie globalnych dostaw olej\u00f3w dla silnik\u00f3w gazowych Jenbacher zasilanych paliwami innymi ni\u017c naturalne, w tym gazem z odpad\u00f3w, biogazem oraz gazem sk\u0142adowiskowym.\" \/>\n<meta name=\"robots\" content=\"index, follow, max-snippet:-1, max-image-preview:large, max-video-preview:-1\" \/>\n<link rel=\"canonical\" href=\"https:\/\/www.q8oils.com\/pl\/jenbacher-s-oil-40\/\" \/>\n<meta property=\"og:locale\" content=\"pl_PL\" \/>\n<meta property=\"og:type\" content=\"article\" \/>\n<meta property=\"og:title\" content=\"Jenbacher S Oil 40 - Q8Oils\" \/>\n<meta property=\"og:description\" content=\"Q8Oils oraz INNIO \u0142\u0105cz\u0105 swe si\u0142y w ramach d\u0142ugoterminowej umowy o wsp\u00f3\u0142pracy w zakresie globalnych dostaw olej\u00f3w dla silnik\u00f3w gazowych Jenbacher zasilanych paliwami innymi ni\u017c naturalne, w tym gazem z odpad\u00f3w, biogazem oraz gazem sk\u0142adowiskowym.\" \/>\n<meta property=\"og:url\" content=\"https:\/\/www.q8oils.com\/pl\/jenbacher-s-oil-40\/\" \/>\n<meta property=\"og:site_name\" content=\"Q8Oils\" \/>\n<meta property=\"article:modified_time\" content=\"2022-08-15T10:05:49+00:00\" \/>\n<meta name=\"twitter:card\" content=\"summary_large_image\" \/>\n<script type=\"application\/ld+json\" class=\"yoast-schema-graph\">{\"@context\":\"https:\/\/schema.org\",\"@graph\":[{\"@type\":\"WebPage\",\"@id\":\"https:\/\/www.q8oils.com\/pl\/jenbacher-s-oil-40\/\",\"url\":\"https:\/\/www.q8oils.com\/pl\/jenbacher-s-oil-40\/\",\"name\":\"Jenbacher S Oil 40 - Q8Oils\",\"isPartOf\":{\"@id\":\"https:\/\/www.q8oils.com\/pl\/#website\"},\"datePublished\":\"2021-02-26T10:00:33+00:00\",\"dateModified\":\"2022-08-15T10:05:49+00:00\",\"description\":\"Q8Oils oraz INNIO \u0142\u0105cz\u0105 swe si\u0142y w ramach d\u0142ugoterminowej umowy o wsp\u00f3\u0142pracy w zakresie globalnych dostaw olej\u00f3w dla silnik\u00f3w gazowych Jenbacher zasilanych paliwami innymi ni\u017c naturalne, w tym gazem z odpad\u00f3w, biogazem oraz gazem sk\u0142adowiskowym.\",\"breadcrumb\":{\"@id\":\"https:\/\/www.q8oils.com\/pl\/jenbacher-s-oil-40\/#breadcrumb\"},\"inLanguage\":\"pl-PL\",\"potentialAction\":[{\"@type\":\"ReadAction\",\"target\":[\"https:\/\/www.q8oils.com\/pl\/jenbacher-s-oil-40\/\"]}]},{\"@type\":\"BreadcrumbList\",\"@id\":\"https:\/\/www.q8oils.com\/pl\/jenbacher-s-oil-40\/#breadcrumb\",\"itemListElement\":[{\"@type\":\"ListItem\",\"position\":1,\"name\":\"Home\",\"item\":\"https:\/\/www.q8oils.com\/pl\/\"},{\"@type\":\"ListItem\",\"position\":2,\"name\":\"Jenbacher S Oil 40\"}]},{\"@type\":\"WebSite\",\"@id\":\"https:\/\/www.q8oils.com\/pl\/#website\",\"url\":\"https:\/\/www.q8oils.com\/pl\/\",\"name\":\"Q8Oils\",\"description\":\"Global, partnership, lubricants, solutions\",\"publisher\":{\"@id\":\"https:\/\/www.q8oils.com\/pl\/#organization\"},\"potentialAction\":[{\"@type\":\"SearchAction\",\"target\":{\"@type\":\"EntryPoint\",\"urlTemplate\":\"https:\/\/www.q8oils.com\/pl\/?s={search_term_string}\"},\"query-input\":{\"@type\":\"PropertyValueSpecification\",\"valueRequired\":true,\"valueName\":\"search_term_string\"}}],\"inLanguage\":\"pl-PL\"},{\"@type\":\"Organization\",\"@id\":\"https:\/\/www.q8oils.com\/pl\/#organization\",\"name\":\"Q8Oils\",\"url\":\"https:\/\/www.q8oils.com\/pl\/\",\"logo\":{\"@type\":\"ImageObject\",\"inLanguage\":\"pl-PL\",\"@id\":\"https:\/\/www.q8oils.com\/pl\/#\/schema\/logo\/image\/\",\"url\":\"https:\/\/www.q8oils.com\/wp-content\/uploads\/2020\/04\/q8oils-logo.png\",\"contentUrl\":\"https:\/\/www.q8oils.com\/wp-content\/uploads\/2020\/04\/q8oils-logo.png\",\"width\":475,\"height\":100,\"caption\":\"Q8Oils\"},\"image\":{\"@id\":\"https:\/\/www.q8oils.com\/pl\/#\/schema\/logo\/image\/\"},\"sameAs\":[\"https:\/\/www.linkedin.com\/Q8Oils\"]}]}<\/script>\n<!-- \/ Yoast SEO plugin. -->","yoast_head_json":{"title":"Jenbacher S Oil 40 - Q8Oils","description":"Q8Oils oraz INNIO \u0142\u0105cz\u0105 swe si\u0142y w ramach d\u0142ugoterminowej umowy o wsp\u00f3\u0142pracy w zakresie globalnych dostaw olej\u00f3w dla silnik\u00f3w gazowych Jenbacher zasilanych paliwami innymi ni\u017c naturalne, w tym gazem z odpad\u00f3w, biogazem oraz gazem sk\u0142adowiskowym.","robots":{"index":"index","follow":"follow","max-snippet":"max-snippet:-1","max-image-preview":"max-image-preview:large","max-video-preview":"max-video-preview:-1"},"canonical":"https:\/\/www.q8oils.com\/pl\/jenbacher-s-oil-40\/","og_locale":"pl_PL","og_type":"article","og_title":"Jenbacher S Oil 40 - Q8Oils","og_description":"Q8Oils oraz INNIO \u0142\u0105cz\u0105 swe si\u0142y w ramach d\u0142ugoterminowej umowy o wsp\u00f3\u0142pracy w zakresie globalnych dostaw olej\u00f3w dla silnik\u00f3w gazowych Jenbacher zasilanych paliwami innymi ni\u017c naturalne, w tym gazem z odpad\u00f3w, biogazem oraz gazem sk\u0142adowiskowym.","og_url":"https:\/\/www.q8oils.com\/pl\/jenbacher-s-oil-40\/","og_site_name":"Q8Oils","article_modified_time":"2022-08-15T10:05:49+00:00","twitter_card":"summary_large_image","schema":{"@context":"https:\/\/schema.org","@graph":[{"@type":"WebPage","@id":"https:\/\/www.q8oils.com\/pl\/jenbacher-s-oil-40\/","url":"https:\/\/www.q8oils.com\/pl\/jenbacher-s-oil-40\/","name":"Jenbacher S Oil 40 - Q8Oils","isPartOf":{"@id":"https:\/\/www.q8oils.com\/pl\/#website"},"datePublished":"2021-02-26T10:00:33+00:00","dateModified":"2022-08-15T10:05:49+00:00","description":"Q8Oils oraz INNIO \u0142\u0105cz\u0105 swe si\u0142y w ramach d\u0142ugoterminowej umowy o wsp\u00f3\u0142pracy w zakresie globalnych dostaw olej\u00f3w dla silnik\u00f3w gazowych Jenbacher zasilanych paliwami innymi ni\u017c naturalne, w tym gazem z odpad\u00f3w, biogazem oraz gazem sk\u0142adowiskowym.","breadcrumb":{"@id":"https:\/\/www.q8oils.com\/pl\/jenbacher-s-oil-40\/#breadcrumb"},"inLanguage":"pl-PL","potentialAction":[{"@type":"ReadAction","target":["https:\/\/www.q8oils.com\/pl\/jenbacher-s-oil-40\/"]}]},{"@type":"BreadcrumbList","@id":"https:\/\/www.q8oils.com\/pl\/jenbacher-s-oil-40\/#breadcrumb","itemListElement":[{"@type":"ListItem","position":1,"name":"Home","item":"https:\/\/www.q8oils.com\/pl\/"},{"@type":"ListItem","position":2,"name":"Jenbacher S Oil 40"}]},{"@type":"WebSite","@id":"https:\/\/www.q8oils.com\/pl\/#website","url":"https:\/\/www.q8oils.com\/pl\/","name":"Q8Oils","description":"Global, partnership, lubricants, solutions","publisher":{"@id":"https:\/\/www.q8oils.com\/pl\/#organization"},"potentialAction":[{"@type":"SearchAction","target":{"@type":"EntryPoint","urlTemplate":"https:\/\/www.q8oils.com\/pl\/?s={search_term_string}"},"query-input":{"@type":"PropertyValueSpecification","valueRequired":true,"valueName":"search_term_string"}}],"inLanguage":"pl-PL"},{"@type":"Organization","@id":"https:\/\/www.q8oils.com\/pl\/#organization","name":"Q8Oils","url":"https:\/\/www.q8oils.com\/pl\/","logo":{"@type":"ImageObject","inLanguage":"pl-PL","@id":"https:\/\/www.q8oils.com\/pl\/#\/schema\/logo\/image\/","url":"https:\/\/www.q8oils.com\/wp-content\/uploads\/2020\/04\/q8oils-logo.png","contentUrl":"https:\/\/www.q8oils.com\/wp-content\/uploads\/2020\/04\/q8oils-logo.png","width":475,"height":100,"caption":"Q8Oils"},"image":{"@id":"https:\/\/www.q8oils.com\/pl\/#\/schema\/logo\/image\/"},"sameAs":["https:\/\/www.linkedin.com\/Q8Oils"]}]}},"_links":{"self":[{"href":"https:\/\/www.q8oils.com\/pl\/wp-json\/wp\/v2\/pages\/1726309"}],"collection":[{"href":"https:\/\/www.q8oils.com\/pl\/wp-json\/wp\/v2\/pages"}],"about":[{"href":"https:\/\/www.q8oils.com\/pl\/wp-json\/wp\/v2\/types\/page"}],"author":[{"embeddable":true,"href":"https:\/\/www.q8oils.com\/pl\/wp-json\/wp\/v2\/users\/2"}],"replies":[{"embeddable":true,"href":"https:\/\/www.q8oils.com\/pl\/wp-json\/wp\/v2\/comments?post=1726309"}],"version-history":[{"count":11,"href":"https:\/\/www.q8oils.com\/pl\/wp-json\/wp\/v2\/pages\/1726309\/revisions"}],"predecessor-version":[{"id":1726826,"href":"https:\/\/www.q8oils.com\/pl\/wp-json\/wp\/v2\/pages\/1726309\/revisions\/1726826"}],"wp:attachment":[{"href":"https:\/\/www.q8oils.com\/pl\/wp-json\/wp\/v2\/media?parent=1726309"}],"curies":[{"name":"wp","href":"https:\/\/api.w.org\/{rel}","templated":true}]}}