
 

{"id":1726743,"date":"2020-05-21T15:39:42","date_gmt":"2020-05-21T15:39:42","guid":{"rendered":"https:\/\/www.q8oils.com\/przemysl-ogolny\/chain-oils\/"},"modified":"2023-08-25T09:47:23","modified_gmt":"2023-08-25T09:47:23","slug":"oleje-do-lancuchow","status":"publish","type":"page","link":"https:\/\/www.q8oils.com\/pl\/przemysl-ogolny\/oleje-do-lancuchow\/","title":{"rendered":"Oleje do \u0142a\u0144cuch\u00f3w"},"content":{"rendered":"<blockquote class=\"wp-embedded-content\" data-secret=\"V6veilZfRs\"><p><a href=\"https:\/\/www.q8oils.com\/products\/\">Products<\/a><\/p><\/blockquote>\n<p><iframe class=\"wp-embedded-content\" sandbox=\"allow-scripts\" security=\"restricted\" style=\"position: absolute; visibility: hidden;\" title=\"&#8222;Products&#8221; &#8212; Q8Oils\" src=\"https:\/\/www.q8oils.com\/products\/embed\/#?secret=fGLfvmtNRt#?secret=V6veilZfRs\" data-secret=\"V6veilZfRs\" width=\"600\" height=\"338\" frameborder=\"0\" marginwidth=\"0\" marginheight=\"0\" scrolling=\"no\"><\/iframe><\/p>\n<p>&nbsp;<\/p>\n","protected":false},"excerpt":{"rendered":"<p>The lubrication of chains demands specific oils. Our chain oils are designed to give the highest protection and productivity to ensure operating reliability 24\/7.<\/p>\n","protected":false},"author":2,"featured_media":1726744,"parent":1666438,"menu_order":0,"comment_status":"closed","ping_status":"closed","template":"page-templates\/minor.php","meta":{"_acf_changed":false,"footnotes":""},"class_list":["post-1726743","page","type-page","status-publish","has-post-thumbnail","hentry","major-general-industry-pl"],"acf":[],"yoast_head":"<!-- This site is optimized with the Yoast SEO plugin v23.5 - https:\/\/yoast.com\/wordpress\/plugins\/seo\/ -->\n<title>Oleje do \u0142a\u0144cuch\u00f3w - Q8Oils<\/title>\n<meta name=\"description\" content=\"The lubrication of chains demands specific oils. Our chain oils are designed to give the highest protection and productivity to ensure operating reliability 24\/7.\" \/>\n<meta name=\"robots\" content=\"index, follow, max-snippet:-1, max-image-preview:large, max-video-preview:-1\" \/>\n<link rel=\"canonical\" href=\"https:\/\/www.q8oils.com\/pl\/przemysl-ogolny\/oleje-do-lancuchow\/\" \/>\n<meta property=\"og:locale\" content=\"pl_PL\" \/>\n<meta property=\"og:type\" content=\"article\" \/>\n<meta property=\"og:title\" content=\"Oleje do \u0142a\u0144cuch\u00f3w - Q8Oils\" \/>\n<meta property=\"og:description\" content=\"The lubrication of chains demands specific oils. Our chain oils are designed to give the highest protection and productivity to ensure operating reliability 24\/7.\" \/>\n<meta property=\"og:url\" content=\"https:\/\/www.q8oils.com\/pl\/przemysl-ogolny\/oleje-do-lancuchow\/\" \/>\n<meta property=\"og:site_name\" content=\"Q8Oils\" \/>\n<meta property=\"article:modified_time\" content=\"2023-08-25T09:47:23+00:00\" \/>\n<meta property=\"og:image\" content=\"https:\/\/www.q8oils.com\/wp-content\/uploads\/2020\/05\/21220_Chain-Oil-1.png\" \/>\n\t<meta property=\"og:image:width\" content=\"200\" \/>\n\t<meta property=\"og:image:height\" content=\"225\" \/>\n\t<meta property=\"og:image:type\" content=\"image\/png\" \/>\n<meta name=\"twitter:card\" content=\"summary_large_image\" \/>\n<meta name=\"twitter:label1\" content=\"Szacowany czas czytania\" \/>\n\t<meta name=\"twitter:data1\" content=\"1 minuta\" \/>\n<script type=\"application\/ld+json\" class=\"yoast-schema-graph\">{\"@context\":\"https:\/\/schema.org\",\"@graph\":[{\"@type\":\"WebPage\",\"@id\":\"https:\/\/www.q8oils.com\/pl\/przemysl-ogolny\/oleje-do-lancuchow\/\",\"url\":\"https:\/\/www.q8oils.com\/pl\/przemysl-ogolny\/oleje-do-lancuchow\/\",\"name\":\"Oleje do \u0142a\u0144cuch\u00f3w - Q8Oils\",\"isPartOf\":{\"@id\":\"https:\/\/www.q8oils.com\/pl\/#website\"},\"primaryImageOfPage\":{\"@id\":\"https:\/\/www.q8oils.com\/pl\/przemysl-ogolny\/oleje-do-lancuchow\/#primaryimage\"},\"image\":{\"@id\":\"https:\/\/www.q8oils.com\/pl\/przemysl-ogolny\/oleje-do-lancuchow\/#primaryimage\"},\"thumbnailUrl\":\"https:\/\/www.q8oils.com\/wp-content\/uploads\/2020\/05\/21220_Chain-Oil-1.png\",\"datePublished\":\"2020-05-21T15:39:42+00:00\",\"dateModified\":\"2023-08-25T09:47:23+00:00\",\"description\":\"The lubrication of chains demands specific oils. Our chain oils are designed to give the highest protection and productivity to ensure operating reliability 24\/7.\",\"breadcrumb\":{\"@id\":\"https:\/\/www.q8oils.com\/pl\/przemysl-ogolny\/oleje-do-lancuchow\/#breadcrumb\"},\"inLanguage\":\"pl-PL\",\"potentialAction\":[{\"@type\":\"ReadAction\",\"target\":[\"https:\/\/www.q8oils.com\/pl\/przemysl-ogolny\/oleje-do-lancuchow\/\"]}]},{\"@type\":\"ImageObject\",\"inLanguage\":\"pl-PL\",\"@id\":\"https:\/\/www.q8oils.com\/pl\/przemysl-ogolny\/oleje-do-lancuchow\/#primaryimage\",\"url\":\"https:\/\/www.q8oils.com\/wp-content\/uploads\/2020\/05\/21220_Chain-Oil-1.png\",\"contentUrl\":\"https:\/\/www.q8oils.com\/wp-content\/uploads\/2020\/05\/21220_Chain-Oil-1.png\",\"width\":200,\"height\":225},{\"@type\":\"BreadcrumbList\",\"@id\":\"https:\/\/www.q8oils.com\/pl\/przemysl-ogolny\/oleje-do-lancuchow\/#breadcrumb\",\"itemListElement\":[{\"@type\":\"ListItem\",\"position\":1,\"name\":\"Home\",\"item\":\"https:\/\/www.q8oils.com\/pl\/\"},{\"@type\":\"ListItem\",\"position\":2,\"name\":\"Przemys\u0142 og\u00f3lny\",\"item\":\"https:\/\/www.q8oils.com\/pl\/przemysl-ogolny\/\"},{\"@type\":\"ListItem\",\"position\":3,\"name\":\"Oleje do \u0142a\u0144cuch\u00f3w\"}]},{\"@type\":\"WebSite\",\"@id\":\"https:\/\/www.q8oils.com\/pl\/#website\",\"url\":\"https:\/\/www.q8oils.com\/pl\/\",\"name\":\"Q8Oils\",\"description\":\"Global, partnership, lubricants, solutions\",\"publisher\":{\"@id\":\"https:\/\/www.q8oils.com\/pl\/#organization\"},\"potentialAction\":[{\"@type\":\"SearchAction\",\"target\":{\"@type\":\"EntryPoint\",\"urlTemplate\":\"https:\/\/www.q8oils.com\/pl\/?s={search_term_string}\"},\"query-input\":{\"@type\":\"PropertyValueSpecification\",\"valueRequired\":true,\"valueName\":\"search_term_string\"}}],\"inLanguage\":\"pl-PL\"},{\"@type\":\"Organization\",\"@id\":\"https:\/\/www.q8oils.com\/pl\/#organization\",\"name\":\"Q8Oils\",\"url\":\"https:\/\/www.q8oils.com\/pl\/\",\"logo\":{\"@type\":\"ImageObject\",\"inLanguage\":\"pl-PL\",\"@id\":\"https:\/\/www.q8oils.com\/pl\/#\/schema\/logo\/image\/\",\"url\":\"https:\/\/www.q8oils.com\/wp-content\/uploads\/2020\/04\/q8oils-logo.png\",\"contentUrl\":\"https:\/\/www.q8oils.com\/wp-content\/uploads\/2020\/04\/q8oils-logo.png\",\"width\":475,\"height\":100,\"caption\":\"Q8Oils\"},\"image\":{\"@id\":\"https:\/\/www.q8oils.com\/pl\/#\/schema\/logo\/image\/\"},\"sameAs\":[\"https:\/\/www.linkedin.com\/Q8Oils\"]}]}<\/script>\n<!-- \/ Yoast SEO plugin. -->","yoast_head_json":{"title":"Oleje do \u0142a\u0144cuch\u00f3w - Q8Oils","description":"The lubrication of chains demands specific oils. Our chain oils are designed to give the highest protection and productivity to ensure operating reliability 24\/7.","robots":{"index":"index","follow":"follow","max-snippet":"max-snippet:-1","max-image-preview":"max-image-preview:large","max-video-preview":"max-video-preview:-1"},"canonical":"https:\/\/www.q8oils.com\/pl\/przemysl-ogolny\/oleje-do-lancuchow\/","og_locale":"pl_PL","og_type":"article","og_title":"Oleje do \u0142a\u0144cuch\u00f3w - Q8Oils","og_description":"The lubrication of chains demands specific oils. Our chain oils are designed to give the highest protection and productivity to ensure operating reliability 24\/7.","og_url":"https:\/\/www.q8oils.com\/pl\/przemysl-ogolny\/oleje-do-lancuchow\/","og_site_name":"Q8Oils","article_modified_time":"2023-08-25T09:47:23+00:00","og_image":[{"width":200,"height":225,"url":"https:\/\/www.q8oils.com\/wp-content\/uploads\/2020\/05\/21220_Chain-Oil-1.png","type":"image\/png"}],"twitter_card":"summary_large_image","twitter_misc":{"Szacowany czas czytania":"1 minuta"},"schema":{"@context":"https:\/\/schema.org","@graph":[{"@type":"WebPage","@id":"https:\/\/www.q8oils.com\/pl\/przemysl-ogolny\/oleje-do-lancuchow\/","url":"https:\/\/www.q8oils.com\/pl\/przemysl-ogolny\/oleje-do-lancuchow\/","name":"Oleje do \u0142a\u0144cuch\u00f3w - Q8Oils","isPartOf":{"@id":"https:\/\/www.q8oils.com\/pl\/#website"},"primaryImageOfPage":{"@id":"https:\/\/www.q8oils.com\/pl\/przemysl-ogolny\/oleje-do-lancuchow\/#primaryimage"},"image":{"@id":"https:\/\/www.q8oils.com\/pl\/przemysl-ogolny\/oleje-do-lancuchow\/#primaryimage"},"thumbnailUrl":"https:\/\/www.q8oils.com\/wp-content\/uploads\/2020\/05\/21220_Chain-Oil-1.png","datePublished":"2020-05-21T15:39:42+00:00","dateModified":"2023-08-25T09:47:23+00:00","description":"The lubrication of chains demands specific oils. Our chain oils are designed to give the highest protection and productivity to ensure operating reliability 24\/7.","breadcrumb":{"@id":"https:\/\/www.q8oils.com\/pl\/przemysl-ogolny\/oleje-do-lancuchow\/#breadcrumb"},"inLanguage":"pl-PL","potentialAction":[{"@type":"ReadAction","target":["https:\/\/www.q8oils.com\/pl\/przemysl-ogolny\/oleje-do-lancuchow\/"]}]},{"@type":"ImageObject","inLanguage":"pl-PL","@id":"https:\/\/www.q8oils.com\/pl\/przemysl-ogolny\/oleje-do-lancuchow\/#primaryimage","url":"https:\/\/www.q8oils.com\/wp-content\/uploads\/2020\/05\/21220_Chain-Oil-1.png","contentUrl":"https:\/\/www.q8oils.com\/wp-content\/uploads\/2020\/05\/21220_Chain-Oil-1.png","width":200,"height":225},{"@type":"BreadcrumbList","@id":"https:\/\/www.q8oils.com\/pl\/przemysl-ogolny\/oleje-do-lancuchow\/#breadcrumb","itemListElement":[{"@type":"ListItem","position":1,"name":"Home","item":"https:\/\/www.q8oils.com\/pl\/"},{"@type":"ListItem","position":2,"name":"Przemys\u0142 og\u00f3lny","item":"https:\/\/www.q8oils.com\/pl\/przemysl-ogolny\/"},{"@type":"ListItem","position":3,"name":"Oleje do \u0142a\u0144cuch\u00f3w"}]},{"@type":"WebSite","@id":"https:\/\/www.q8oils.com\/pl\/#website","url":"https:\/\/www.q8oils.com\/pl\/","name":"Q8Oils","description":"Global, partnership, lubricants, solutions","publisher":{"@id":"https:\/\/www.q8oils.com\/pl\/#organization"},"potentialAction":[{"@type":"SearchAction","target":{"@type":"EntryPoint","urlTemplate":"https:\/\/www.q8oils.com\/pl\/?s={search_term_string}"},"query-input":{"@type":"PropertyValueSpecification","valueRequired":true,"valueName":"search_term_string"}}],"inLanguage":"pl-PL"},{"@type":"Organization","@id":"https:\/\/www.q8oils.com\/pl\/#organization","name":"Q8Oils","url":"https:\/\/www.q8oils.com\/pl\/","logo":{"@type":"ImageObject","inLanguage":"pl-PL","@id":"https:\/\/www.q8oils.com\/pl\/#\/schema\/logo\/image\/","url":"https:\/\/www.q8oils.com\/wp-content\/uploads\/2020\/04\/q8oils-logo.png","contentUrl":"https:\/\/www.q8oils.com\/wp-content\/uploads\/2020\/04\/q8oils-logo.png","width":475,"height":100,"caption":"Q8Oils"},"image":{"@id":"https:\/\/www.q8oils.com\/pl\/#\/schema\/logo\/image\/"},"sameAs":["https:\/\/www.linkedin.com\/Q8Oils"]}]}},"_links":{"self":[{"href":"https:\/\/www.q8oils.com\/pl\/wp-json\/wp\/v2\/pages\/1726743"}],"collection":[{"href":"https:\/\/www.q8oils.com\/pl\/wp-json\/wp\/v2\/pages"}],"about":[{"href":"https:\/\/www.q8oils.com\/pl\/wp-json\/wp\/v2\/types\/page"}],"author":[{"embeddable":true,"href":"https:\/\/www.q8oils.com\/pl\/wp-json\/wp\/v2\/users\/2"}],"replies":[{"embeddable":true,"href":"https:\/\/www.q8oils.com\/pl\/wp-json\/wp\/v2\/comments?post=1726743"}],"version-history":[{"count":2,"href":"https:\/\/www.q8oils.com\/pl\/wp-json\/wp\/v2\/pages\/1726743\/revisions"}],"predecessor-version":[{"id":2097769,"href":"https:\/\/www.q8oils.com\/pl\/wp-json\/wp\/v2\/pages\/1726743\/revisions\/2097769"}],"up":[{"embeddable":true,"href":"https:\/\/www.q8oils.com\/pl\/wp-json\/wp\/v2\/pages\/1666438"}],"wp:featuredmedia":[{"embeddable":true,"href":"https:\/\/www.q8oils.com\/pl\/wp-json\/wp\/v2\/media\/1726744"}],"wp:attachment":[{"href":"https:\/\/www.q8oils.com\/pl\/wp-json\/wp\/v2\/media?parent=1726743"}],"curies":[{"name":"wp","href":"https:\/\/api.w.org\/{rel}","templated":true}]}}