
 

{"id":1726776,"date":"2020-05-30T14:49:01","date_gmt":"2020-05-30T14:49:01","guid":{"rendered":"https:\/\/www.q8oils.com\/przemysl-ogolny\/food-grades\/"},"modified":"2023-08-25T08:34:20","modified_gmt":"2023-08-25T08:34:20","slug":"oleje-do-kontaktu-z-zywnoscia","status":"publish","type":"page","link":"https:\/\/www.q8oils.com\/pl\/przemysl-ogolny\/oleje-do-kontaktu-z-zywnoscia\/","title":{"rendered":"Oleje do kontaktu z \u017cywno\u015bci\u0105"},"content":{"rendered":"<blockquote class=\"wp-embedded-content\" data-secret=\"OJg5G92wu8\"><p><a href=\"https:\/\/www.q8oils.com\/products\/\">Products<\/a><\/p><\/blockquote>\n<p><iframe class=\"wp-embedded-content\" sandbox=\"allow-scripts\" security=\"restricted\" style=\"position: absolute; visibility: hidden;\" title=\"&#8222;Products&#8221; &#8212; Q8Oils\" src=\"https:\/\/www.q8oils.com\/products\/embed\/#?secret=vS0FykMrjd#?secret=OJg5G92wu8\" data-secret=\"OJg5G92wu8\" width=\"600\" height=\"338\" frameborder=\"0\" marginwidth=\"0\" marginheight=\"0\" scrolling=\"no\"><\/iframe><\/p>\n<p>&nbsp;<\/p>\n","protected":false},"excerpt":{"rendered":"<p>Q8Oils offers a food grade range of oils and greases for the lubrication of equipment where there is potential risk for incidental food contact. These products are based on special formulations that give both high performance and food grade safety.<\/p>\n","protected":false},"author":2,"featured_media":1726738,"parent":1666438,"menu_order":0,"comment_status":"closed","ping_status":"closed","template":"page-templates\/minor.php","meta":{"_acf_changed":false,"footnotes":""},"class_list":["post-1726776","page","type-page","status-publish","has-post-thumbnail","hentry","major-general-industry-pl"],"acf":[],"yoast_head":"<!-- This site is optimized with the Yoast SEO plugin v23.5 - https:\/\/yoast.com\/wordpress\/plugins\/seo\/ -->\n<title>Oleje do kontaktu z \u017cywno\u015bci\u0105 - Q8Oils<\/title>\n<meta name=\"description\" content=\"Q8Oils offers a food grade range of oils and greases for the lubrication of equipment where there is potential risk for incidental food contact. These products are based on special formulations that give both high performance and food grade safety.\" \/>\n<meta name=\"robots\" content=\"index, follow, max-snippet:-1, max-image-preview:large, max-video-preview:-1\" \/>\n<link rel=\"canonical\" href=\"https:\/\/www.q8oils.com\/pl\/przemysl-ogolny\/oleje-do-kontaktu-z-zywnoscia\/\" \/>\n<meta property=\"og:locale\" content=\"pl_PL\" \/>\n<meta property=\"og:type\" content=\"article\" \/>\n<meta property=\"og:title\" content=\"Oleje do kontaktu z \u017cywno\u015bci\u0105 - Q8Oils\" \/>\n<meta property=\"og:description\" content=\"Q8Oils offers a food grade range of oils and greases for the lubrication of equipment where there is potential risk for incidental food contact. These products are based on special formulations that give both high performance and food grade safety.\" \/>\n<meta property=\"og:url\" content=\"https:\/\/www.q8oils.com\/pl\/przemysl-ogolny\/oleje-do-kontaktu-z-zywnoscia\/\" \/>\n<meta property=\"og:site_name\" content=\"Q8Oils\" \/>\n<meta property=\"article:modified_time\" content=\"2023-08-25T08:34:20+00:00\" \/>\n<meta property=\"og:image\" content=\"https:\/\/www.q8oils.com\/wp-content\/uploads\/2020\/05\/23248_Food-Grade-1.png\" \/>\n\t<meta property=\"og:image:width\" content=\"201\" \/>\n\t<meta property=\"og:image:height\" content=\"225\" \/>\n\t<meta property=\"og:image:type\" content=\"image\/png\" \/>\n<meta name=\"twitter:card\" content=\"summary_large_image\" \/>\n<meta name=\"twitter:label1\" content=\"Szacowany czas czytania\" \/>\n\t<meta name=\"twitter:data1\" content=\"1 minuta\" \/>\n<script type=\"application\/ld+json\" class=\"yoast-schema-graph\">{\"@context\":\"https:\/\/schema.org\",\"@graph\":[{\"@type\":\"WebPage\",\"@id\":\"https:\/\/www.q8oils.com\/pl\/przemysl-ogolny\/oleje-do-kontaktu-z-zywnoscia\/\",\"url\":\"https:\/\/www.q8oils.com\/pl\/przemysl-ogolny\/oleje-do-kontaktu-z-zywnoscia\/\",\"name\":\"Oleje do kontaktu z \u017cywno\u015bci\u0105 - Q8Oils\",\"isPartOf\":{\"@id\":\"https:\/\/www.q8oils.com\/pl\/#website\"},\"primaryImageOfPage\":{\"@id\":\"https:\/\/www.q8oils.com\/pl\/przemysl-ogolny\/oleje-do-kontaktu-z-zywnoscia\/#primaryimage\"},\"image\":{\"@id\":\"https:\/\/www.q8oils.com\/pl\/przemysl-ogolny\/oleje-do-kontaktu-z-zywnoscia\/#primaryimage\"},\"thumbnailUrl\":\"https:\/\/www.q8oils.com\/wp-content\/uploads\/2020\/05\/23248_Food-Grade-1.png\",\"datePublished\":\"2020-05-30T14:49:01+00:00\",\"dateModified\":\"2023-08-25T08:34:20+00:00\",\"description\":\"Q8Oils offers a food grade range of oils and greases for the lubrication of equipment where there is potential risk for incidental food contact. These products are based on special formulations that give both high performance and food grade safety.\",\"breadcrumb\":{\"@id\":\"https:\/\/www.q8oils.com\/pl\/przemysl-ogolny\/oleje-do-kontaktu-z-zywnoscia\/#breadcrumb\"},\"inLanguage\":\"pl-PL\",\"potentialAction\":[{\"@type\":\"ReadAction\",\"target\":[\"https:\/\/www.q8oils.com\/pl\/przemysl-ogolny\/oleje-do-kontaktu-z-zywnoscia\/\"]}]},{\"@type\":\"ImageObject\",\"inLanguage\":\"pl-PL\",\"@id\":\"https:\/\/www.q8oils.com\/pl\/przemysl-ogolny\/oleje-do-kontaktu-z-zywnoscia\/#primaryimage\",\"url\":\"https:\/\/www.q8oils.com\/wp-content\/uploads\/2020\/05\/23248_Food-Grade-1.png\",\"contentUrl\":\"https:\/\/www.q8oils.com\/wp-content\/uploads\/2020\/05\/23248_Food-Grade-1.png\",\"width\":201,\"height\":225},{\"@type\":\"BreadcrumbList\",\"@id\":\"https:\/\/www.q8oils.com\/pl\/przemysl-ogolny\/oleje-do-kontaktu-z-zywnoscia\/#breadcrumb\",\"itemListElement\":[{\"@type\":\"ListItem\",\"position\":1,\"name\":\"Home\",\"item\":\"https:\/\/www.q8oils.com\/pl\/\"},{\"@type\":\"ListItem\",\"position\":2,\"name\":\"Przemys\u0142 og\u00f3lny\",\"item\":\"https:\/\/www.q8oils.com\/pl\/przemysl-ogolny\/\"},{\"@type\":\"ListItem\",\"position\":3,\"name\":\"Oleje do kontaktu z \u017cywno\u015bci\u0105\"}]},{\"@type\":\"WebSite\",\"@id\":\"https:\/\/www.q8oils.com\/pl\/#website\",\"url\":\"https:\/\/www.q8oils.com\/pl\/\",\"name\":\"Q8Oils\",\"description\":\"Global, partnership, lubricants, solutions\",\"publisher\":{\"@id\":\"https:\/\/www.q8oils.com\/pl\/#organization\"},\"potentialAction\":[{\"@type\":\"SearchAction\",\"target\":{\"@type\":\"EntryPoint\",\"urlTemplate\":\"https:\/\/www.q8oils.com\/pl\/?s={search_term_string}\"},\"query-input\":{\"@type\":\"PropertyValueSpecification\",\"valueRequired\":true,\"valueName\":\"search_term_string\"}}],\"inLanguage\":\"pl-PL\"},{\"@type\":\"Organization\",\"@id\":\"https:\/\/www.q8oils.com\/pl\/#organization\",\"name\":\"Q8Oils\",\"url\":\"https:\/\/www.q8oils.com\/pl\/\",\"logo\":{\"@type\":\"ImageObject\",\"inLanguage\":\"pl-PL\",\"@id\":\"https:\/\/www.q8oils.com\/pl\/#\/schema\/logo\/image\/\",\"url\":\"https:\/\/www.q8oils.com\/wp-content\/uploads\/2020\/04\/q8oils-logo.png\",\"contentUrl\":\"https:\/\/www.q8oils.com\/wp-content\/uploads\/2020\/04\/q8oils-logo.png\",\"width\":475,\"height\":100,\"caption\":\"Q8Oils\"},\"image\":{\"@id\":\"https:\/\/www.q8oils.com\/pl\/#\/schema\/logo\/image\/\"},\"sameAs\":[\"https:\/\/www.linkedin.com\/Q8Oils\"]}]}<\/script>\n<!-- \/ Yoast SEO plugin. -->","yoast_head_json":{"title":"Oleje do kontaktu z \u017cywno\u015bci\u0105 - Q8Oils","description":"Q8Oils offers a food grade range of oils and greases for the lubrication of equipment where there is potential risk for incidental food contact. These products are based on special formulations that give both high performance and food grade safety.","robots":{"index":"index","follow":"follow","max-snippet":"max-snippet:-1","max-image-preview":"max-image-preview:large","max-video-preview":"max-video-preview:-1"},"canonical":"https:\/\/www.q8oils.com\/pl\/przemysl-ogolny\/oleje-do-kontaktu-z-zywnoscia\/","og_locale":"pl_PL","og_type":"article","og_title":"Oleje do kontaktu z \u017cywno\u015bci\u0105 - Q8Oils","og_description":"Q8Oils offers a food grade range of oils and greases for the lubrication of equipment where there is potential risk for incidental food contact. These products are based on special formulations that give both high performance and food grade safety.","og_url":"https:\/\/www.q8oils.com\/pl\/przemysl-ogolny\/oleje-do-kontaktu-z-zywnoscia\/","og_site_name":"Q8Oils","article_modified_time":"2023-08-25T08:34:20+00:00","og_image":[{"width":201,"height":225,"url":"https:\/\/www.q8oils.com\/wp-content\/uploads\/2020\/05\/23248_Food-Grade-1.png","type":"image\/png"}],"twitter_card":"summary_large_image","twitter_misc":{"Szacowany czas czytania":"1 minuta"},"schema":{"@context":"https:\/\/schema.org","@graph":[{"@type":"WebPage","@id":"https:\/\/www.q8oils.com\/pl\/przemysl-ogolny\/oleje-do-kontaktu-z-zywnoscia\/","url":"https:\/\/www.q8oils.com\/pl\/przemysl-ogolny\/oleje-do-kontaktu-z-zywnoscia\/","name":"Oleje do kontaktu z \u017cywno\u015bci\u0105 - Q8Oils","isPartOf":{"@id":"https:\/\/www.q8oils.com\/pl\/#website"},"primaryImageOfPage":{"@id":"https:\/\/www.q8oils.com\/pl\/przemysl-ogolny\/oleje-do-kontaktu-z-zywnoscia\/#primaryimage"},"image":{"@id":"https:\/\/www.q8oils.com\/pl\/przemysl-ogolny\/oleje-do-kontaktu-z-zywnoscia\/#primaryimage"},"thumbnailUrl":"https:\/\/www.q8oils.com\/wp-content\/uploads\/2020\/05\/23248_Food-Grade-1.png","datePublished":"2020-05-30T14:49:01+00:00","dateModified":"2023-08-25T08:34:20+00:00","description":"Q8Oils offers a food grade range of oils and greases for the lubrication of equipment where there is potential risk for incidental food contact. These products are based on special formulations that give both high performance and food grade safety.","breadcrumb":{"@id":"https:\/\/www.q8oils.com\/pl\/przemysl-ogolny\/oleje-do-kontaktu-z-zywnoscia\/#breadcrumb"},"inLanguage":"pl-PL","potentialAction":[{"@type":"ReadAction","target":["https:\/\/www.q8oils.com\/pl\/przemysl-ogolny\/oleje-do-kontaktu-z-zywnoscia\/"]}]},{"@type":"ImageObject","inLanguage":"pl-PL","@id":"https:\/\/www.q8oils.com\/pl\/przemysl-ogolny\/oleje-do-kontaktu-z-zywnoscia\/#primaryimage","url":"https:\/\/www.q8oils.com\/wp-content\/uploads\/2020\/05\/23248_Food-Grade-1.png","contentUrl":"https:\/\/www.q8oils.com\/wp-content\/uploads\/2020\/05\/23248_Food-Grade-1.png","width":201,"height":225},{"@type":"BreadcrumbList","@id":"https:\/\/www.q8oils.com\/pl\/przemysl-ogolny\/oleje-do-kontaktu-z-zywnoscia\/#breadcrumb","itemListElement":[{"@type":"ListItem","position":1,"name":"Home","item":"https:\/\/www.q8oils.com\/pl\/"},{"@type":"ListItem","position":2,"name":"Przemys\u0142 og\u00f3lny","item":"https:\/\/www.q8oils.com\/pl\/przemysl-ogolny\/"},{"@type":"ListItem","position":3,"name":"Oleje do kontaktu z \u017cywno\u015bci\u0105"}]},{"@type":"WebSite","@id":"https:\/\/www.q8oils.com\/pl\/#website","url":"https:\/\/www.q8oils.com\/pl\/","name":"Q8Oils","description":"Global, partnership, lubricants, solutions","publisher":{"@id":"https:\/\/www.q8oils.com\/pl\/#organization"},"potentialAction":[{"@type":"SearchAction","target":{"@type":"EntryPoint","urlTemplate":"https:\/\/www.q8oils.com\/pl\/?s={search_term_string}"},"query-input":{"@type":"PropertyValueSpecification","valueRequired":true,"valueName":"search_term_string"}}],"inLanguage":"pl-PL"},{"@type":"Organization","@id":"https:\/\/www.q8oils.com\/pl\/#organization","name":"Q8Oils","url":"https:\/\/www.q8oils.com\/pl\/","logo":{"@type":"ImageObject","inLanguage":"pl-PL","@id":"https:\/\/www.q8oils.com\/pl\/#\/schema\/logo\/image\/","url":"https:\/\/www.q8oils.com\/wp-content\/uploads\/2020\/04\/q8oils-logo.png","contentUrl":"https:\/\/www.q8oils.com\/wp-content\/uploads\/2020\/04\/q8oils-logo.png","width":475,"height":100,"caption":"Q8Oils"},"image":{"@id":"https:\/\/www.q8oils.com\/pl\/#\/schema\/logo\/image\/"},"sameAs":["https:\/\/www.linkedin.com\/Q8Oils"]}]}},"_links":{"self":[{"href":"https:\/\/www.q8oils.com\/pl\/wp-json\/wp\/v2\/pages\/1726776"}],"collection":[{"href":"https:\/\/www.q8oils.com\/pl\/wp-json\/wp\/v2\/pages"}],"about":[{"href":"https:\/\/www.q8oils.com\/pl\/wp-json\/wp\/v2\/types\/page"}],"author":[{"embeddable":true,"href":"https:\/\/www.q8oils.com\/pl\/wp-json\/wp\/v2\/users\/2"}],"replies":[{"embeddable":true,"href":"https:\/\/www.q8oils.com\/pl\/wp-json\/wp\/v2\/comments?post=1726776"}],"version-history":[{"count":3,"href":"https:\/\/www.q8oils.com\/pl\/wp-json\/wp\/v2\/pages\/1726776\/revisions"}],"predecessor-version":[{"id":2097762,"href":"https:\/\/www.q8oils.com\/pl\/wp-json\/wp\/v2\/pages\/1726776\/revisions\/2097762"}],"up":[{"embeddable":true,"href":"https:\/\/www.q8oils.com\/pl\/wp-json\/wp\/v2\/pages\/1666438"}],"wp:featuredmedia":[{"embeddable":true,"href":"https:\/\/www.q8oils.com\/pl\/wp-json\/wp\/v2\/media\/1726738"}],"wp:attachment":[{"href":"https:\/\/www.q8oils.com\/pl\/wp-json\/wp\/v2\/media?parent=1726776"}],"curies":[{"name":"wp","href":"https:\/\/api.w.org\/{rel}","templated":true}]}}